{"id":62,"date":"2022-02-15T22:31:27","date_gmt":"2022-02-15T21:31:27","guid":{"rendered":"https:\/\/bschutz.fr\/?page_id=62"},"modified":"2022-11-24T01:40:08","modified_gmt":"2022-11-24T00:40:08","slug":"album","status":"publish","type":"page","link":"https:\/\/bschutz.fr\/index.php\/album\/","title":{"rendered":"Album des Inconnus"},"content":{"rendered":"Vous devez \u00eatre connect\u00e9 pour voir ce contenu.","protected":false},"excerpt":{"rendered":"Vous devez \u00eatre connect\u00e9 pour voir ce contenu.","protected":false},"author":1,"featured_media":0,"parent":0,"menu_order":0,"comment_status":"closed","ping_status":"closed","template":"","meta":{"footnotes":""},"class_list":["post-62","page","type-page","status-publish","hentry"],"_links":{"self":[{"href":"https:\/\/bschutz.fr\/index.php\/wp-json\/wp\/v2\/pages\/62","targetHints":{"allow":["GET"]}}],"collection":[{"href":"https:\/\/bschutz.fr\/index.php\/wp-json\/wp\/v2\/pages"}],"about":[{"href":"https:\/\/bschutz.fr\/index.php\/wp-json\/wp\/v2\/types\/page"}],"author":[{"embeddable":true,"href":"https:\/\/bschutz.fr\/index.php\/wp-json\/wp\/v2\/users\/1"}],"replies":[{"embeddable":true,"href":"https:\/\/bschutz.fr\/index.php\/wp-json\/wp\/v2\/comments?post=62"}],"version-history":[{"count":1,"href":"https:\/\/bschutz.fr\/index.php\/wp-json\/wp\/v2\/pages\/62\/revisions"}],"predecessor-version":[{"id":359,"href":"https:\/\/bschutz.fr\/index.php\/wp-json\/wp\/v2\/pages\/62\/revisions\/359"}],"wp:attachment":[{"href":"https:\/\/bschutz.fr\/index.php\/wp-json\/wp\/v2\/media?parent=62"}],"curies":[{"name":"wp","href":"https:\/\/api.w.org\/{rel}","templated":true}]}}