{"id":15,"date":"2022-10-21T02:19:14","date_gmt":"2022-10-21T00:19:14","guid":{"rendered":"https:\/\/bschutz.fr\/?page_id=15"},"modified":"2022-11-24T01:42:57","modified_gmt":"2022-11-24T00:42:57","slug":"page-principale","status":"publish","type":"page","link":"https:\/\/bschutz.fr\/","title":{"rendered":"Page Principale"},"content":{"rendered":"\n<p>Bienvenue sur le site de la famille SCHUTZ.<\/p>\n\n\n\n<p>Nous r\u00e9sidons en Alsace, au sud de Strasbourg, dans une petite ville qui a fait sa renomm\u00e9e dans le monde entier aux travers la fabrication de locomotives \u00e0 vapeur qui ont circul\u00e9 jusqu&rsquo;au milieu du vingti\u00e8me si\u00e8cle.<\/p>\n\n\n<div class=\"wp-block-image\">\n<figure class=\"aligncenter size-full is-resized\"><img loading=\"lazy\" decoding=\"async\" src=\"https:\/\/bschutz.fr\/wp-content\/uploads\/2022\/02\/Route_de_Lyon_Illkirch_Graffenstaden_22080.jpg\" alt=\"\" class=\"wp-image-69\" width=\"302\" height=\"215\"\/><figcaption class=\"wp-element-caption\">Derni\u00e8re locomotive sortie en 1952 fabriqu\u00e9e par la <a href=\"https:\/\/www.archi-wiki.org\/Adresse:SACM_(Illkirch_Graffenstaden)\" target=\"_blank\" rel=\"noreferrer noopener\">SACM<\/a><\/figcaption><\/figure>\n<\/div>\n\n\n<p><\/p>\n\n\n\n<p><\/p>\n","protected":false},"excerpt":{"rendered":"<p>Bienvenue sur le site de la famille SCHUTZ. Nous r\u00e9sidons en Alsace, au sud de Strasbourg, dans une petite ville qui a fait sa renomm\u00e9e dans le monde entier aux travers la fabrication de locomotives \u00e0 vapeur qui ont circul\u00e9 jusqu&rsquo;au milieu du vingti\u00e8me si\u00e8cle.<\/p>\n","protected":false},"author":1,"featured_media":0,"parent":0,"menu_order":0,"comment_status":"closed","ping_status":"closed","template":"","meta":{"footnotes":""},"class_list":["post-15","page","type-page","status-publish","hentry"],"_links":{"self":[{"href":"https:\/\/bschutz.fr\/index.php\/wp-json\/wp\/v2\/pages\/15","targetHints":{"allow":["GET"]}}],"collection":[{"href":"https:\/\/bschutz.fr\/index.php\/wp-json\/wp\/v2\/pages"}],"about":[{"href":"https:\/\/bschutz.fr\/index.php\/wp-json\/wp\/v2\/types\/page"}],"author":[{"embeddable":true,"href":"https:\/\/bschutz.fr\/index.php\/wp-json\/wp\/v2\/users\/1"}],"replies":[{"embeddable":true,"href":"https:\/\/bschutz.fr\/index.php\/wp-json\/wp\/v2\/comments?post=15"}],"version-history":[{"count":3,"href":"https:\/\/bschutz.fr\/index.php\/wp-json\/wp\/v2\/pages\/15\/revisions"}],"predecessor-version":[{"id":362,"href":"https:\/\/bschutz.fr\/index.php\/wp-json\/wp\/v2\/pages\/15\/revisions\/362"}],"wp:attachment":[{"href":"https:\/\/bschutz.fr\/index.php\/wp-json\/wp\/v2\/media?parent=15"}],"curies":[{"name":"wp","href":"https:\/\/api.w.org\/{rel}","templated":true}]}}